{"id":3115,"date":"2016-12-19T07:05:19","date_gmt":"2016-12-19T07:05:19","guid":{"rendered":"http:\/\/gruppobdm.eu\/home\/"},"modified":"2026-01-09T15:14:30","modified_gmt":"2026-01-09T15:14:30","slug":"impianti-tecnologici-manutenzione-e-sicurezza-bdm-group","status":"publish","type":"page","link":"https:\/\/gruppobdm.eu\/","title":{"rendered":"Home"},"content":{"rendered":"<div class=\"wpb-content-wrapper\"><p>[vc_row padding_top_multiplier=&#8221;5x&#8221; padding_bottom_multiplier=&#8221;5x&#8221; scroll_section_title=&#8221;Blog&#8221;][vc_column tablet_sm_width=&#8221;5-6&#8243;]<h3 class=\"eut-element eut-title eut-align-center eut-h3 eut-custom-font-3\" style=\"\"><span><br>\n<p style=\"color: #186433;\"><span style=\"color: #008000;\"><strong>CHI SIAMO<\/strong><\/span><br>\n<span class=\"eut-title-line eut-bg-primary-1\" style=\"width: 50px;height: 1px;\"><\/span><\/span><\/h3>[vc_column_text]<\/p>\n<p>Il 25 Febbraio 1988 ha inizio l\u2019attivit\u00e0 Imprenditoriale del Sig. Bossi Francesco che fonda l\u2019Impresa Individuale \u201cBossi Franco\u201d impegnata nel settore degli impianti tecnologici quali edifici residenziali, Cooperative edilizie.<\/p>\n<p>L\u2019evoluzione dell\u2019impresa, vede grazie all\u2019impegno del Sig. Bossi Francesco, oltre al consolidarsi dell\u2019esperienza gi\u00e0 acquisita, lo sviluppo di una incisiva \u201ccapacit\u00e0 propositiva\u201d, frutto di una spiccata maturit\u00e0 aziendale, partner qualificati per lo sviluppo di grandi progetti. Primario settore di attivit\u00e0 dell\u2019impresa sono gli impianti tecnologici che comprendono Impianti Industriali, termici e di condizionamento, impianti interni elettrici, telefonici, radiotelefonici e televisivi, nonch\u00e9 impianti in generale Automazione e Sistemi di Allarme presso fabbricati residenziali e turistici, centri direzionali e congressuali.<\/p>\n<p>L\u2019impresa ha costruito il proprio marchio di seriet\u00e0 basandosi innanzitutto sulla ineccepibile organizzazione di cantiere, sul dinamismo e l\u2019efficienza di chi possiede un sistema nel quale lavorare e costruire si unisce alla capacit\u00e0 di coordinare e dirigere, sempre in grado di garantire quella qualit\u00e0 delle opere ed il rispetto rigoroso dei tempi di consegna che ancor oggi, sono il vanto di quanti vi lavorano.<\/p>\n<p>Questa maturazione ha portato l\u2019Impresa Bossi Franco alla Certificazione SOA per molte Importanti Categorie di Lavori sia Edili Ed Impiantistiche ed il Sig. Bossi Francesco alla consapevolezza che fosse arrivato il momento di incidere ancora pi\u00f9 profondamente all\u2019interno del proprio Mercato di riferimento.<\/p>\n<p>[\/vc_column_text]<h3 class=\"eut-element eut-title eut-align-center eut-h3\" style=\"\"><span><br>\n<p class=\"eut-element eut-title eut-align-center eut-animated-item eut-fade-in eut-duration-normal eut-h3 eut-custom-font-3 eut-animated\" data-delay=\"200\"><span style=\"color: #008000;\"><strong>IL GRUPPO<\/strong><\/span><br>\n<span class=\"eut-title-line eut-bg-primary-1\" style=\"width: 50px;height: 1px;\"><\/span><\/span><\/h3>[vc_column_text]<\/p>\n<p>Il 22 Aprile del 2021 nasce la Societ\u00e0 di Capitali BDM Group Srl, conferendo all\u2019interno della stessa la Storia e le enormi Potenzialit\u00e0 presenti all\u2019interno della \u201cBossi Franco\u201d, garantendo cos\u00ec la continuit\u00e0 Aziendale, nonch\u00e9 fornendo ancora una volta prova di estrema seriet\u00e0 e volont\u00e0 di crescita Aziendale.<\/p>\n<p>Chi si affida oggi all\u2019impresa \u201cBDM Group Srl\u201d sa di poter contare su una struttura aziendale di elevata potenzialit\u00e0 tecnica, fatta da persone appassionati del proprio lavoro e consapevoli della grande importanza di una costante evoluzione organizzativa, sulla seriet\u00e0 e qualit\u00e0 nell\u2019esecuzione del lavoro, unite alla sicurezza di chi opera nel rispetto delle normative di legge ed esclusivamente con personale e mezzi propri.<\/p>\n<p>[\/vc_column_text]<div class=\"eut-empty-space eut-height-2x\" style=\"\"><\/div><h3 class=\"eut-element eut-title eut-align-left eut-h3\" style=\"\"><span><br>\n<h3><span style=\"color: #008000;\">Le nostre NEWS<\/span><\/h3>\n<\/span><\/h3>\t\t<div class=\"eut-element eut-slider eut-content-slider eut-layout-2 eut-paraller-wrapper eut-blog-slider\" style=\"\">\r\n\t\t\t<div class=\"eut-element eut-carousel-wrapper\">\r\n\t\t\t\t<div class=\"eut-carousel-navigation eut-dark eut-navigation-1 eut-navigation-default\">\t<div class=\"eut-carousel-buttons\">\t\t<div class=\"eut-carousel-prev\">\t\t\t<i class=\"eut-icon-nav-left-small\"><\/i>\t\t<\/div>\t\t<div class=\"eut-carousel-next\">\t\t\t<i class=\"eut-icon-nav-right-small\"><\/i>\t\t<\/div>\t<\/div><\/div>\t\t\t\t<div class=\"eut-slider-element eut-add-counter eut-carousel-element\" data-slider-speed=\"4500\" data-slider-pause=\"yes\" data-slider-autoplay=\"yes\" data-slider-autoheight=\"yes\">\r\n\r\n\t\t\t\t\t<div class=\"eut-slider-item\">\r\n\t\t\t\t\t\t<figure>\r\n\t\t\t\t\t\t\t<div class=\"eut-media\">\r\n\t\t\t\t\t\t\t\t\t\t\t\t\t\t\t\t\t<img loading=\"lazy\" decoding=\"async\" width=\"560\" height=\"420\" src=\"https:\/\/gruppobdm.eu\/wp-content\/uploads\/2023\/05\/45001-2-1280x720-1-e1641397084722-jpg-560x420.webp\" class=\"attachment-fildisi-eutf-small-rect-horizontal size-fildisi-eutf-small-rect-horizontal wp-post-image\" alt=\"\" \/>\t\t\t\t\t\t\t\t\t\t\t\t\t\t\t<\/div>\r\n\t\t\t\t\t\t<\/figure>\r\n\t\t\t\t\t\t<div class=\"eut-slider-content eut-box-item eut-bg-white \" data-limit=\"1x\">\r\n\t\t\t\t\t\t\t<h5 class=\"eut-title eut-heading-color eut-h5\">CERTIFICAZIONE ISO 45001<\/h5>\t\t\t\t\t\t\t\r\n\t\t\t\t\t\t\t\t\t<ul class=\"eut-post-meta\">\r\n\t\t\t\t\t\t\t\t\t\t\t\t\t\t\t\t\t\t\t\t<li class=\"eut-post-author\">admin<\/li>\r\n\t\t\t\t\t\t\t\t\t\t\t\t\t\t\t\t\t\t\t\t\t\t\t\t\t\t\t\t\t<li class=\"eut-post-date\">\r\n\t\t<time datetime=\"2023-05-10T09:32:25+00:00\">10 Maggio 2023<\/time>\r\n\t<\/li>\r\n\t\t\t\t\t\t\t\t\t\t\t\t\t\t\t\t\t\t\t\t\t\t\t\t\t\t\t<\/ul>\r\n\t\t\t\t\t\t\t\t\t<div class=\"eut-description\"><p>CERTIFICAZIONE ISO 14001 Con la norma UNI ISO 45001 migliorano le politiche di prevenzione e&hellip;<\/p><\/div>\r\n\t\t\t\t\t\t\t\t\t\t\t\t\t\t<a href=\"https:\/\/gruppobdm.eu\/index.php\/2023\/05\/10\/certificazione-iso-45001\/\" class=\"eut-read-more eut-link-text\">Per saperne di pi\u00f9<\/a>\r\n\t\t\t\t\t\t<\/div>\r\n\t\t\t\t\t<\/div>\r\n\t\t\t\t\t<div class=\"eut-slider-item\">\r\n\t\t\t\t\t\t<figure>\r\n\t\t\t\t\t\t\t<div class=\"eut-media\">\r\n\t\t\t\t\t\t\t\t\t\t\t\t\t\t\t\t\t<img loading=\"lazy\" decoding=\"async\" width=\"560\" height=\"420\" src=\"https:\/\/gruppobdm.eu\/wp-content\/uploads\/2023\/05\/Iso_Sito_risultato-scaled-2-560x420.webp\" class=\"attachment-fildisi-eutf-small-rect-horizontal size-fildisi-eutf-small-rect-horizontal wp-post-image\" alt=\"\" srcset=\"https:\/\/gruppobdm.eu\/wp-content\/uploads\/2023\/05\/Iso_Sito_risultato-scaled-2-560x420.webp 560w, https:\/\/gruppobdm.eu\/wp-content\/uploads\/2023\/05\/Iso_Sito_risultato-scaled-2-900x675.webp 900w\" sizes=\"auto, (max-width: 560px) 100vw, 560px\" \/>\t\t\t\t\t\t\t\t\t\t\t\t\t\t\t<\/div>\r\n\t\t\t\t\t\t<\/figure>\r\n\t\t\t\t\t\t<div class=\"eut-slider-content eut-box-item eut-bg-white \" data-limit=\"1x\">\r\n\t\t\t\t\t\t\t<h5 class=\"eut-title eut-heading-color eut-h5\">CERTIFICAZIONE ISO 9001<\/h5>\t\t\t\t\t\t\t\r\n\t\t\t\t\t\t\t\t\t<ul class=\"eut-post-meta\">\r\n\t\t\t\t\t\t\t\t\t\t\t\t\t\t\t\t\t\t\t\t<li class=\"eut-post-author\">admin<\/li>\r\n\t\t\t\t\t\t\t\t\t\t\t\t\t\t\t\t\t\t\t\t\t\t\t\t\t\t\t\t\t<li class=\"eut-post-date\">\r\n\t\t<time datetime=\"2023-05-05T10:54:13+00:00\">5 Maggio 2023<\/time>\r\n\t<\/li>\r\n\t\t\t\t\t\t\t\t\t\t\t\t\t\t\t\t\t\t\t\t\t\t\t\t\t\t\t<\/ul>\r\n\t\t\t\t\t\t\t\t\t<div class=\"eut-description\"><p>CERTIFICAZIONE ISO 9001<br \/>\nE\u2019 lo standard di riferimento internazionalmente riconosciuto per la gestione della Qualit\u00e0 di qualsiasi organizzazione che intenda rispondere contemporaneamente:<\/p>\n<\/div>\r\n\t\t\t\t\t\t\t\t\t\t\t\t\t\t<a href=\"https:\/\/gruppobdm.eu\/index.php\/2023\/05\/05\/certificazione-iso-9001\/\" class=\"eut-read-more eut-link-text\">Per saperne di pi\u00f9<\/a>\r\n\t\t\t\t\t\t<\/div>\r\n\t\t\t\t\t<\/div>\r\n\t\t\t\t\t<div class=\"eut-slider-item\">\r\n\t\t\t\t\t\t<figure>\r\n\t\t\t\t\t\t\t<div class=\"eut-media\">\r\n\t\t\t\t\t\t\t\t\t\t\t\t\t\t\t\t\t<img loading=\"lazy\" decoding=\"async\" width=\"560\" height=\"420\" src=\"https:\/\/gruppobdm.eu\/wp-content\/uploads\/2023\/05\/ISO-14001-Ambiente-1-560x420.webp\" class=\"attachment-fildisi-eutf-small-rect-horizontal size-fildisi-eutf-small-rect-horizontal wp-post-image\" alt=\"\" srcset=\"https:\/\/gruppobdm.eu\/wp-content\/uploads\/2023\/05\/ISO-14001-Ambiente-1-560x420.webp 560w, https:\/\/gruppobdm.eu\/wp-content\/uploads\/2023\/05\/ISO-14001-Ambiente-1-900x675.webp 900w\" sizes=\"auto, (max-width: 560px) 100vw, 560px\" \/>\t\t\t\t\t\t\t\t\t\t\t\t\t\t\t<\/div>\r\n\t\t\t\t\t\t<\/figure>\r\n\t\t\t\t\t\t<div class=\"eut-slider-content eut-box-item eut-bg-white \" data-limit=\"1x\">\r\n\t\t\t\t\t\t\t<h5 class=\"eut-title eut-heading-color eut-h5\">CERTIFICAZIONE ISO 14001<\/h5>\t\t\t\t\t\t\t\r\n\t\t\t\t\t\t\t\t\t<ul class=\"eut-post-meta\">\r\n\t\t\t\t\t\t\t\t\t\t\t\t\t\t\t\t\t\t\t\t<li class=\"eut-post-author\">admin<\/li>\r\n\t\t\t\t\t\t\t\t\t\t\t\t\t\t\t\t\t\t\t\t\t\t\t\t\t\t\t\t\t<li class=\"eut-post-date\">\r\n\t\t<time datetime=\"2023-05-05T10:37:00+00:00\">5 Maggio 2023<\/time>\r\n\t<\/li>\r\n\t\t\t\t\t\t\t\t\t\t\t\t\t\t\t\t\t\t\t\t\t\t\t\t\t\t\t<\/ul>\r\n\t\t\t\t\t\t\t\t\t<div class=\"eut-description\"><p>CERTIFICAZIONE ISO 14001 Le certificazioni sono importanti per stabilire l\u2019adeguamento a determinati standard che consentono&hellip;<\/p><\/div>\r\n\t\t\t\t\t\t\t\t\t\t\t\t\t\t<a href=\"https:\/\/gruppobdm.eu\/index.php\/2023\/05\/05\/certificazione-iso-14001\/\" class=\"eut-read-more eut-link-text\">Per saperne di pi\u00f9<\/a>\r\n\t\t\t\t\t\t<\/div>\r\n\t\t\t\t\t<\/div>\r\n\t\t\t\t<\/div>\r\n\t\t\t<\/div>\r\n\t\t<\/div>\r\n[\/vc_column][\/vc_row]<\/p>\n<\/div>","protected":false},"excerpt":{"rendered":"<p>A collection of textile samples lay spread out on the table &#8211; Samsa was a travelling salesman &#8211; and above it there hung a picture that he had recently cut out of an illustrated magazine and housed in a nice, gilded frame. It showed a lady fitted out with a fur hat and fur boa who sat upright, raising a heavy fur muff that covered the whole of her lower arm towards the viewer.<\/p>\n","protected":false},"author":1,"featured_media":0,"parent":0,"menu_order":0,"comment_status":"closed","ping_status":"closed","template":"","meta":{"footnotes":""},"class_list":["post-3115","page","type-page","status-publish","hentry"],"yoast_head":"<!-- This site is optimized with the Yoast SEO plugin v26.6 - https:\/\/yoast.com\/wordpress\/plugins\/seo\/ -->\n<title>Home | BDM Group<\/title>\n<meta name=\"description\" content=\"BDM Group Srl realizza impianti tecnologici, manutenzione civile e industriale e sistemi di sicurezza. Operiamo su lavori pubblici e privati in tutta Italia\" \/>\n<meta name=\"robots\" content=\"index, follow, max-snippet:-1, max-image-preview:large, max-video-preview:-1\" \/>\n<link rel=\"canonical\" href=\"https:\/\/gruppobdm.eu\/\" \/>\n<meta property=\"og:locale\" content=\"it_IT\" \/>\n<meta property=\"og:type\" content=\"article\" \/>\n<meta property=\"og:title\" content=\"Home | BDM Group\" \/>\n<meta property=\"og:description\" content=\"BDM Group Srl realizza impianti tecnologici, manutenzione civile e industriale e sistemi di sicurezza. Operiamo su lavori pubblici e privati in tutta Italia\" \/>\n<meta property=\"og:url\" content=\"https:\/\/gruppobdm.eu\/\" \/>\n<meta property=\"og:site_name\" content=\"BDM Group Srl\" \/>\n<meta property=\"article:publisher\" content=\"https:\/\/www.facebook.com\/bdmgroupsrl\" \/>\n<meta property=\"article:modified_time\" content=\"2026-01-09T15:14:30+00:00\" \/>\n<meta name=\"twitter:card\" content=\"summary_large_image\" \/>\n<meta name=\"twitter:label1\" content=\"Tempo di lettura stimato\" \/>\n\t<meta name=\"twitter:data1\" content=\"2 minuti\" \/>\n<script type=\"application\/ld+json\" class=\"yoast-schema-graph\">{\"@context\":\"https:\/\/schema.org\",\"@graph\":[{\"@type\":\"WebPage\",\"@id\":\"https:\/\/gruppobdm.eu\/\",\"url\":\"https:\/\/gruppobdm.eu\/\",\"name\":\"Home | BDM Group\",\"isPartOf\":{\"@id\":\"https:\/\/gruppobdm.eu\/#website\"},\"datePublished\":\"2016-12-19T07:05:19+00:00\",\"dateModified\":\"2026-01-09T15:14:30+00:00\",\"description\":\"BDM Group Srl realizza impianti tecnologici, manutenzione civile e industriale e sistemi di sicurezza. Operiamo su lavori pubblici e privati in tutta Italia\",\"breadcrumb\":{\"@id\":\"https:\/\/gruppobdm.eu\/#breadcrumb\"},\"inLanguage\":\"it-IT\",\"potentialAction\":[{\"@type\":\"ReadAction\",\"target\":[\"https:\/\/gruppobdm.eu\/\"]}]},{\"@type\":\"BreadcrumbList\",\"@id\":\"https:\/\/gruppobdm.eu\/#breadcrumb\",\"itemListElement\":[{\"@type\":\"ListItem\",\"position\":1,\"name\":\"Home\",\"item\":\"https:\/\/gruppobdm.eu\/\"},{\"@type\":\"ListItem\",\"position\":2,\"name\":\"Home\"}]},{\"@type\":\"WebSite\",\"@id\":\"https:\/\/gruppobdm.eu\/#website\",\"url\":\"https:\/\/gruppobdm.eu\/\",\"name\":\"BDM Group Srl\",\"description\":\"Costruttori dal 1988\",\"publisher\":{\"@id\":\"https:\/\/gruppobdm.eu\/#organization\"},\"potentialAction\":[{\"@type\":\"SearchAction\",\"target\":{\"@type\":\"EntryPoint\",\"urlTemplate\":\"https:\/\/gruppobdm.eu\/?s={search_term_string}\"},\"query-input\":{\"@type\":\"PropertyValueSpecification\",\"valueRequired\":true,\"valueName\":\"search_term_string\"}}],\"inLanguage\":\"it-IT\"},{\"@type\":\"Organization\",\"@id\":\"https:\/\/gruppobdm.eu\/#organization\",\"name\":\"BDM Group Srl\",\"url\":\"https:\/\/gruppobdm.eu\/\",\"logo\":{\"@type\":\"ImageObject\",\"inLanguage\":\"it-IT\",\"@id\":\"https:\/\/gruppobdm.eu\/#\/schema\/logo\/image\/\",\"url\":\"https:\/\/gruppobdm.eu\/wp-content\/uploads\/2024\/02\/Risorsa-1o.png\",\"contentUrl\":\"https:\/\/gruppobdm.eu\/wp-content\/uploads\/2024\/02\/Risorsa-1o.png\",\"width\":311,\"height\":338,\"caption\":\"BDM Group Srl\"},\"image\":{\"@id\":\"https:\/\/gruppobdm.eu\/#\/schema\/logo\/image\/\"},\"sameAs\":[\"https:\/\/www.facebook.com\/bdmgroupsrl\",\"https:\/\/www.linkedin.com\/company\/bdm-group-srl\/\",\"https:\/\/www.instagram.com\/bdmgroupsrl_\/?igshid=YmMyMTA2M2Y\"]}]}<\/script>\n<!-- \/ Yoast SEO plugin. -->","yoast_head_json":{"title":"Home | BDM Group","description":"BDM Group Srl realizza impianti tecnologici, manutenzione civile e industriale e sistemi di sicurezza. Operiamo su lavori pubblici e privati in tutta Italia","robots":{"index":"index","follow":"follow","max-snippet":"max-snippet:-1","max-image-preview":"max-image-preview:large","max-video-preview":"max-video-preview:-1"},"canonical":"https:\/\/gruppobdm.eu\/","og_locale":"it_IT","og_type":"article","og_title":"Home | BDM Group","og_description":"BDM Group Srl realizza impianti tecnologici, manutenzione civile e industriale e sistemi di sicurezza. Operiamo su lavori pubblici e privati in tutta Italia","og_url":"https:\/\/gruppobdm.eu\/","og_site_name":"BDM Group Srl","article_publisher":"https:\/\/www.facebook.com\/bdmgroupsrl","article_modified_time":"2026-01-09T15:14:30+00:00","twitter_card":"summary_large_image","twitter_misc":{"Tempo di lettura stimato":"2 minuti"},"schema":{"@context":"https:\/\/schema.org","@graph":[{"@type":"WebPage","@id":"https:\/\/gruppobdm.eu\/","url":"https:\/\/gruppobdm.eu\/","name":"Home | BDM Group","isPartOf":{"@id":"https:\/\/gruppobdm.eu\/#website"},"datePublished":"2016-12-19T07:05:19+00:00","dateModified":"2026-01-09T15:14:30+00:00","description":"BDM Group Srl realizza impianti tecnologici, manutenzione civile e industriale e sistemi di sicurezza. Operiamo su lavori pubblici e privati in tutta Italia","breadcrumb":{"@id":"https:\/\/gruppobdm.eu\/#breadcrumb"},"inLanguage":"it-IT","potentialAction":[{"@type":"ReadAction","target":["https:\/\/gruppobdm.eu\/"]}]},{"@type":"BreadcrumbList","@id":"https:\/\/gruppobdm.eu\/#breadcrumb","itemListElement":[{"@type":"ListItem","position":1,"name":"Home","item":"https:\/\/gruppobdm.eu\/"},{"@type":"ListItem","position":2,"name":"Home"}]},{"@type":"WebSite","@id":"https:\/\/gruppobdm.eu\/#website","url":"https:\/\/gruppobdm.eu\/","name":"BDM Group Srl","description":"Costruttori dal 1988","publisher":{"@id":"https:\/\/gruppobdm.eu\/#organization"},"potentialAction":[{"@type":"SearchAction","target":{"@type":"EntryPoint","urlTemplate":"https:\/\/gruppobdm.eu\/?s={search_term_string}"},"query-input":{"@type":"PropertyValueSpecification","valueRequired":true,"valueName":"search_term_string"}}],"inLanguage":"it-IT"},{"@type":"Organization","@id":"https:\/\/gruppobdm.eu\/#organization","name":"BDM Group Srl","url":"https:\/\/gruppobdm.eu\/","logo":{"@type":"ImageObject","inLanguage":"it-IT","@id":"https:\/\/gruppobdm.eu\/#\/schema\/logo\/image\/","url":"https:\/\/gruppobdm.eu\/wp-content\/uploads\/2024\/02\/Risorsa-1o.png","contentUrl":"https:\/\/gruppobdm.eu\/wp-content\/uploads\/2024\/02\/Risorsa-1o.png","width":311,"height":338,"caption":"BDM Group Srl"},"image":{"@id":"https:\/\/gruppobdm.eu\/#\/schema\/logo\/image\/"},"sameAs":["https:\/\/www.facebook.com\/bdmgroupsrl","https:\/\/www.linkedin.com\/company\/bdm-group-srl\/","https:\/\/www.instagram.com\/bdmgroupsrl_\/?igshid=YmMyMTA2M2Y"]}]}},"_links":{"self":[{"href":"https:\/\/gruppobdm.eu\/index.php\/wp-json\/wp\/v2\/pages\/3115","targetHints":{"allow":["GET"]}}],"collection":[{"href":"https:\/\/gruppobdm.eu\/index.php\/wp-json\/wp\/v2\/pages"}],"about":[{"href":"https:\/\/gruppobdm.eu\/index.php\/wp-json\/wp\/v2\/types\/page"}],"author":[{"embeddable":true,"href":"https:\/\/gruppobdm.eu\/index.php\/wp-json\/wp\/v2\/users\/1"}],"replies":[{"embeddable":true,"href":"https:\/\/gruppobdm.eu\/index.php\/wp-json\/wp\/v2\/comments?post=3115"}],"version-history":[{"count":1,"href":"https:\/\/gruppobdm.eu\/index.php\/wp-json\/wp\/v2\/pages\/3115\/revisions"}],"predecessor-version":[{"id":5648,"href":"https:\/\/gruppobdm.eu\/index.php\/wp-json\/wp\/v2\/pages\/3115\/revisions\/5648"}],"wp:attachment":[{"href":"https:\/\/gruppobdm.eu\/index.php\/wp-json\/wp\/v2\/media?parent=3115"}],"curies":[{"name":"wp","href":"https:\/\/api.w.org\/{rel}","templated":true}]}}