{"id":3886,"date":"2017-05-18T10:25:48","date_gmt":"2017-05-18T08:25:48","guid":{"rendered":"http:\/\/gruppobdm.eu\/cookie-policy\/"},"modified":"2017-05-18T10:25:48","modified_gmt":"2017-05-18T08:25:48","slug":"cookie-policy","status":"publish","type":"page","link":"https:\/\/gruppobdm.eu\/index.php\/cookie-policy\/","title":{"rendered":"Cookie Policy"},"content":{"rendered":"<p><strong>Cookie Policy<\/strong><\/p>\n<p>La presente Cookie Policy \u00e8 relativa al sito <a href=\"https:\/\/gruppobdm.eu\" data-bcup-haslogintext=\"no\">www.gruppobdm.eu<\/a>\u00a0 di propriet\u00e0 di Bdm Group srl Piva.02974280345<\/p>\n<p>I cookies sono piccoli file di testo inviati all\u2019utente dal sito web visitato. Vengono memorizzati sull\u2019hard disk del computer, consentendo in questo modo al sito web di riconoscere gli utenti e memorizzare determinate informazioni su di loro, al fine di permettere o migliorare il servizio offerto.<\/p>\n<p>Esistono diverse tipologie di cookies. Alcuni sono necessari per poter navigare sul Sito, altri hanno scopi diversi come garantire la sicurezza interna, amministrare il sistema, effettuare analisi statistiche, comprendere quali sono le sezioni del Sito che interessano maggiormente gli utenti o offrire una visita personalizzata del Sito.<\/p>\n<p>Il Sito utilizza cookies tecnici e non di profilazione. Quanto precede si riferisce sia al computer dell\u2019utente sia ad ogni altro dispositivo che l\u2019utente pu\u00f2 utilizzare per connettersi al Sito.<\/p>\n<p><strong>Cookies tecnici<\/strong><\/p>\n<p>I cookies tecnici sono quelli utilizzati al solo fine di effettuare la trasmissione di una comunicazione su una rete di comunicazione elettronica, o nella misura strettamente necessaria al fornitore di un servizio della societ\u00e0 dell\u2019informazione esplicitamente richiesto dall\u2019abbonato o dall\u2019utente a erogare tale servizio.<\/p>\n<p>Essi non vengono utilizzati per scopi ulteriori e sono normalmente installati direttamente dal titolare o gestore del sito web.<\/p>\n<p>Possono essere suddivisi in cookies di navigazione o di sessione, che garantiscono la normale navigazione e fruizione del sito web (permettendo, ad esempio, di realizzare un acquisto o autenticarsi per accedere ad aree riservate); cookies analytics, assimilati ai cookies tecnici laddove utilizzati direttamente dal gestore del sito per raccogliere informazioni, in forma aggregata, sul numero degli utenti e su come questi visitano il sito stesso; cookies di funzionalit\u00e0, che permettono all\u2019utente la navigazione in funzione di una serie di criteri selezionati (ad esempio, la lingua, i prodotti selezionati per l\u2019acquisto) al fine di migliorare il servizio reso allo stesso.<\/p>\n<p>La disabilitazione dei cookies potrebbe limitare la possibilit\u00e0 di usare il Sito e impedire di beneficiare in pieno delle funzionalit\u00e0 e dei servizi presenti sul Sito. Per decidere quali accettare e quali rifiutare, \u00e8 illustrata di seguito una descrizione dei cookies utilizzati sul Sito.<\/p>\n<p>Tipologie di cookies utilizzati<\/p>\n<p><strong>Cookies di prima parte:<\/strong><\/p>\n<p>I cookies di prima parte (ovvero i cookies che appartengono al sito dell\u2019editore che li ha creati) sono impostati dal sito web visitato dall\u2019utente, il cui indirizzo compare nella finestra URL. L\u2019utilizzo di tali cookies ci permette di far funzionare il sito in modo efficiente e di tracciare i modelli di comportamento dei visitatori.<\/p>\n<p><strong>Cookies di terzi:<\/strong><\/p>\n<p>I cookies di terzi sono impostati da un dominio differente da quello visitato dall\u2019utente. Se un utente visita un sito e una societ\u00e0 diversa invia l\u2019informazione sfruttando quel sito, si \u00e8 in presenza di cookies di terze parti.<\/p>\n<p><strong>Cookies di sessione:<\/strong><br \/>\nI c.d. \u2018cookies di sessione\u2019 sono memorizzati temporaneamente e vengono cancellati quando l\u2019utente chiude il browser. Se l\u2019utente si registra al Sito, pu\u00f2 utilizzare cookies che raccolgono dati personali al fine di identificare l\u2019utente in occasione di visite successive e di facilitare l\u2019accesso \u2013 login al Sito (per esempio conservando username e password dell\u2019utente) e la navigazione sullo stesso. Il Sito potrebbe contenere link ad altri siti. Bdm Group srl non ha alcun accesso o controllo su cookies, web bacon e altre tecnologie di tracciamento usate sui siti di terzi cui l\u2019utente pu\u00f2 accedere dal Sito, sulla disponibilit\u00e0, su qualsiasi contenuto e materiale che \u00e8 pubblicato o ottenuto attraverso tali siti e sulle relative modalit\u00e0 di trattamento dei dati personali; Bdm Group srl a questo proposito declina espressamente ogni relativa responsabilit\u00e0. L\u2019utente dovrebbe verificare la privacy policy dei siti di terzi cui accede dal Sito per conoscere le condizioni applicabili al trattamento dei dati personali poich\u00e9 la Privacy Policy di Hotel ilcavallino si applica solo al Sito come sopra definito.<\/p>\n<p><strong>Cookies persistenti:<\/strong><\/p>\n<p>I cookies persistenti sono memorizzati sul dispositivo degli utenti tra le sessioni del browser, consentendo di ricordare le preferenze o le azioni dell\u2019utente in un sito. Possono essere utilizzati per diversi scopi, ad esempio per ricordare le preferenze e le scelte quando si utilizza il Sito.<\/p>\n<p><strong>Cookies essenziali:<\/strong><\/p>\n<p>Questi cookies sono strettamente necessari per il funzionamento del Sito. Senza l\u2019uso di tali cookies alcune parti del Sito non funzionerebbero. Comprendono, ad esempio, i cookies che consentono di accedere in aree protette del Sito. Questi cookies non raccolgono informazioni per scopi di marketing e non possono essere disattivati.<\/p>\n<p><strong>Cookies funzionali:<\/strong><\/p>\n<p>Questi cookies servono a riconoscere un utente che torna a visitare il Sito. Permettono di personalizzare i contenuti e ricordate le preferenze (ad esempio, la lingua selezionata o la regione). Questi cookies non raccolgono informazioni che possono identificare l\u2019utente. Tutte le informazioni raccolte sono anonime.<\/p>\n<p>Questo Sito pu\u00f2 utilizzare\u00a0<em>cookie<\/em> di sessione e\u00a0<em>cookie<\/em> persistenti. Le tipologie di\u00a0<em>cookie<\/em> direttamente generati da questo Sito sono:<\/p>\n<ul>\n<li>cookie\u00a0<strong>\u201ctecnici\u201d<\/strong>, utilizzati per:\u00a0<strong>a)<\/strong> l\u2019autenticazione e la gestione di una sessione di navigazione (ad esempio, per identificare e validare l\u2019utente per l\u2019accesso all\u2019Area Riservata);\u00a0<strong>b)<\/strong> finalit\u00e0 di sicurezza (es. per tener conto dei numero di login falliti identificando possibili abusi nell\u2019autenticazione e prevenendo frodi);\u00a0<strong>c)<\/strong> una migliore fruibilit\u00e0 del sito e dei suoi contenuti audio-visivi (es. tramite l\u2019esecuzione di programmi di tipo flash player)<\/li>\n<\/ul>\n<p>Questo Sito consente altres\u00ec la trasmissione al terminale dell\u2019utente di\u00a0<em>cookie<\/em> di terze parti. Le terze parti sono:<\/p>\n<ul>\n<li>Google Analytics; fornito dalla societ\u00e0 Google Inc.:\u00a0http:<a href=\"http:\/\/www.google.com\/intl\/it\/policies\/privacy\/\" data-bcup-haslogintext=\"no\">\/\/www.google.com\/intl\/it\/policies\/privacy\/<\/a><\/li>\n<li>Facebook <a href=\"https:\/\/www.facebook.com\/help\/coockies\" data-bcup-haslogintext=\"no\">https:\/\/www.facebook.com\/help\/coockies<\/a><\/li>\n<\/ul>\n<p>Come modificare le impostazioni sui cookies<\/p>\n<p>La maggior parte dei browser accetta automaticamente i cookies, ma l\u2019utente normalmente pu\u00f2 modificare le impostazioni per disabilitare tale funzione. L\u2019utente pu\u00f2 gestire le proprie preferenze relative ai\u00a0<em>cookie<\/em> attraverso le funzionalit\u00e0 presenti nei comuni browser (Internet Explorer, Mozilla Firefox, Google Crome, Apple Safari), che consentono di cancellare\/rimuovere i cookie (tutti o alcuni) o di cambiare le impostazioni del browser stesso in modo bloccare l\u2019invio dei cookie o di limitarlo a siti specifici (rispetto ad altri). \u00c9 possibile conoscere le modalit\u00e0 con cui configurare le impostazione dei browser (di norma accessibili dalla barra \u201cStrumenti\u201d) andando sulle pagine web di \u201cSupporto\u201d dei fornitori dei suddetti browser (individuabili anche tramite un comune motore di ricerca).<\/p>\n<p>Per maggiori informazioni sui cookie e per gestire le preferenze sui cookie (di prima e\/o terza parte) si invitano gli utenti a visitare anche la piattaforma\u00a0<a href=\"http:\/\/www.youronlinechoices.com\/\" data-bcup-haslogintext=\"no\">www.youronlinechoices.com<\/a>. Si ricorda per\u00f2 che la disabilitazione dei cookie di navigazione o quelli funzionali pu\u00f2 causare il malfunzionamento del Sito e\/o limitare il servizio offerto da Bdm Group srl.<\/p>\n","protected":false},"excerpt":{"rendered":"<p>Cookie Policy La presente Cookie Policy \u00e8 relativa al sito www.gruppobdm.eu\u00a0 di propriet\u00e0 di Bdm Group srl Piva.02974280345 I cookies sono piccoli file di testo inviati all\u2019utente dal sito web visitato. Vengono memorizzati sull\u2019hard disk del computer, consentendo in questo modo al sito web di riconoscere gli utenti e memorizzare determinate informazioni su di loro, [&hellip;]<\/p>\n","protected":false},"author":1,"featured_media":0,"parent":0,"menu_order":0,"comment_status":"closed","ping_status":"closed","template":"","meta":{"footnotes":""},"class_list":["post-3886","page","type-page","status-publish","hentry"],"yoast_head":"<!-- This site is optimized with the Yoast SEO plugin v26.6 - https:\/\/yoast.com\/wordpress\/plugins\/seo\/ -->\n<title>Cookie Policy - BDM Group Srl<\/title>\n<meta name=\"robots\" content=\"index, follow, max-snippet:-1, max-image-preview:large, max-video-preview:-1\" \/>\n<link rel=\"canonical\" href=\"https:\/\/gruppobdm.eu\/index.php\/cookie-policy\/\" \/>\n<meta property=\"og:locale\" content=\"it_IT\" \/>\n<meta property=\"og:type\" content=\"article\" \/>\n<meta property=\"og:title\" content=\"Cookie Policy - BDM Group Srl\" \/>\n<meta property=\"og:description\" content=\"Cookie Policy La presente Cookie Policy \u00e8 relativa al sito www.gruppobdm.eu\u00a0 di propriet\u00e0 di Bdm Group srl Piva.02974280345 I cookies sono piccoli file di testo inviati all\u2019utente dal sito web visitato. Vengono memorizzati sull\u2019hard disk del computer, consentendo in questo modo al sito web di riconoscere gli utenti e memorizzare determinate informazioni su di loro, [&hellip;]\" \/>\n<meta property=\"og:url\" content=\"https:\/\/gruppobdm.eu\/index.php\/cookie-policy\/\" \/>\n<meta property=\"og:site_name\" content=\"BDM Group Srl\" \/>\n<meta property=\"article:publisher\" content=\"https:\/\/www.facebook.com\/bdmgroupsrl\" \/>\n<meta name=\"twitter:card\" content=\"summary_large_image\" \/>\n<meta name=\"twitter:label1\" content=\"Tempo di lettura stimato\" \/>\n\t<meta name=\"twitter:data1\" content=\"6 minuti\" \/>\n<script type=\"application\/ld+json\" class=\"yoast-schema-graph\">{\"@context\":\"https:\/\/schema.org\",\"@graph\":[{\"@type\":\"WebPage\",\"@id\":\"https:\/\/gruppobdm.eu\/index.php\/cookie-policy\/\",\"url\":\"https:\/\/gruppobdm.eu\/index.php\/cookie-policy\/\",\"name\":\"Cookie Policy - BDM Group Srl\",\"isPartOf\":{\"@id\":\"https:\/\/gruppobdm.eu\/#website\"},\"datePublished\":\"2017-05-18T08:25:48+00:00\",\"breadcrumb\":{\"@id\":\"https:\/\/gruppobdm.eu\/index.php\/cookie-policy\/#breadcrumb\"},\"inLanguage\":\"it-IT\",\"potentialAction\":[{\"@type\":\"ReadAction\",\"target\":[\"https:\/\/gruppobdm.eu\/index.php\/cookie-policy\/\"]}]},{\"@type\":\"BreadcrumbList\",\"@id\":\"https:\/\/gruppobdm.eu\/index.php\/cookie-policy\/#breadcrumb\",\"itemListElement\":[{\"@type\":\"ListItem\",\"position\":1,\"name\":\"Home\",\"item\":\"https:\/\/gruppobdm.eu\/\"},{\"@type\":\"ListItem\",\"position\":2,\"name\":\"Cookie Policy\"}]},{\"@type\":\"WebSite\",\"@id\":\"https:\/\/gruppobdm.eu\/#website\",\"url\":\"https:\/\/gruppobdm.eu\/\",\"name\":\"BDM Group Srl\",\"description\":\"Costruttori dal 1988\",\"publisher\":{\"@id\":\"https:\/\/gruppobdm.eu\/#organization\"},\"potentialAction\":[{\"@type\":\"SearchAction\",\"target\":{\"@type\":\"EntryPoint\",\"urlTemplate\":\"https:\/\/gruppobdm.eu\/?s={search_term_string}\"},\"query-input\":{\"@type\":\"PropertyValueSpecification\",\"valueRequired\":true,\"valueName\":\"search_term_string\"}}],\"inLanguage\":\"it-IT\"},{\"@type\":\"Organization\",\"@id\":\"https:\/\/gruppobdm.eu\/#organization\",\"name\":\"BDM Group Srl\",\"url\":\"https:\/\/gruppobdm.eu\/\",\"logo\":{\"@type\":\"ImageObject\",\"inLanguage\":\"it-IT\",\"@id\":\"https:\/\/gruppobdm.eu\/#\/schema\/logo\/image\/\",\"url\":\"https:\/\/gruppobdm.eu\/wp-content\/uploads\/2024\/02\/Risorsa-1o.png\",\"contentUrl\":\"https:\/\/gruppobdm.eu\/wp-content\/uploads\/2024\/02\/Risorsa-1o.png\",\"width\":311,\"height\":338,\"caption\":\"BDM Group Srl\"},\"image\":{\"@id\":\"https:\/\/gruppobdm.eu\/#\/schema\/logo\/image\/\"},\"sameAs\":[\"https:\/\/www.facebook.com\/bdmgroupsrl\",\"https:\/\/www.linkedin.com\/company\/bdm-group-srl\/\",\"https:\/\/www.instagram.com\/bdmgroupsrl_\/?igshid=YmMyMTA2M2Y\"]}]}<\/script>\n<!-- \/ Yoast SEO plugin. -->","yoast_head_json":{"title":"Cookie Policy - BDM Group Srl","robots":{"index":"index","follow":"follow","max-snippet":"max-snippet:-1","max-image-preview":"max-image-preview:large","max-video-preview":"max-video-preview:-1"},"canonical":"https:\/\/gruppobdm.eu\/index.php\/cookie-policy\/","og_locale":"it_IT","og_type":"article","og_title":"Cookie Policy - BDM Group Srl","og_description":"Cookie Policy La presente Cookie Policy \u00e8 relativa al sito www.gruppobdm.eu\u00a0 di propriet\u00e0 di Bdm Group srl Piva.02974280345 I cookies sono piccoli file di testo inviati all\u2019utente dal sito web visitato. Vengono memorizzati sull\u2019hard disk del computer, consentendo in questo modo al sito web di riconoscere gli utenti e memorizzare determinate informazioni su di loro, [&hellip;]","og_url":"https:\/\/gruppobdm.eu\/index.php\/cookie-policy\/","og_site_name":"BDM Group Srl","article_publisher":"https:\/\/www.facebook.com\/bdmgroupsrl","twitter_card":"summary_large_image","twitter_misc":{"Tempo di lettura stimato":"6 minuti"},"schema":{"@context":"https:\/\/schema.org","@graph":[{"@type":"WebPage","@id":"https:\/\/gruppobdm.eu\/index.php\/cookie-policy\/","url":"https:\/\/gruppobdm.eu\/index.php\/cookie-policy\/","name":"Cookie Policy - BDM Group Srl","isPartOf":{"@id":"https:\/\/gruppobdm.eu\/#website"},"datePublished":"2017-05-18T08:25:48+00:00","breadcrumb":{"@id":"https:\/\/gruppobdm.eu\/index.php\/cookie-policy\/#breadcrumb"},"inLanguage":"it-IT","potentialAction":[{"@type":"ReadAction","target":["https:\/\/gruppobdm.eu\/index.php\/cookie-policy\/"]}]},{"@type":"BreadcrumbList","@id":"https:\/\/gruppobdm.eu\/index.php\/cookie-policy\/#breadcrumb","itemListElement":[{"@type":"ListItem","position":1,"name":"Home","item":"https:\/\/gruppobdm.eu\/"},{"@type":"ListItem","position":2,"name":"Cookie Policy"}]},{"@type":"WebSite","@id":"https:\/\/gruppobdm.eu\/#website","url":"https:\/\/gruppobdm.eu\/","name":"BDM Group Srl","description":"Costruttori dal 1988","publisher":{"@id":"https:\/\/gruppobdm.eu\/#organization"},"potentialAction":[{"@type":"SearchAction","target":{"@type":"EntryPoint","urlTemplate":"https:\/\/gruppobdm.eu\/?s={search_term_string}"},"query-input":{"@type":"PropertyValueSpecification","valueRequired":true,"valueName":"search_term_string"}}],"inLanguage":"it-IT"},{"@type":"Organization","@id":"https:\/\/gruppobdm.eu\/#organization","name":"BDM Group Srl","url":"https:\/\/gruppobdm.eu\/","logo":{"@type":"ImageObject","inLanguage":"it-IT","@id":"https:\/\/gruppobdm.eu\/#\/schema\/logo\/image\/","url":"https:\/\/gruppobdm.eu\/wp-content\/uploads\/2024\/02\/Risorsa-1o.png","contentUrl":"https:\/\/gruppobdm.eu\/wp-content\/uploads\/2024\/02\/Risorsa-1o.png","width":311,"height":338,"caption":"BDM Group Srl"},"image":{"@id":"https:\/\/gruppobdm.eu\/#\/schema\/logo\/image\/"},"sameAs":["https:\/\/www.facebook.com\/bdmgroupsrl","https:\/\/www.linkedin.com\/company\/bdm-group-srl\/","https:\/\/www.instagram.com\/bdmgroupsrl_\/?igshid=YmMyMTA2M2Y"]}]}},"_links":{"self":[{"href":"https:\/\/gruppobdm.eu\/index.php\/wp-json\/wp\/v2\/pages\/3886","targetHints":{"allow":["GET"]}}],"collection":[{"href":"https:\/\/gruppobdm.eu\/index.php\/wp-json\/wp\/v2\/pages"}],"about":[{"href":"https:\/\/gruppobdm.eu\/index.php\/wp-json\/wp\/v2\/types\/page"}],"author":[{"embeddable":true,"href":"https:\/\/gruppobdm.eu\/index.php\/wp-json\/wp\/v2\/users\/1"}],"replies":[{"embeddable":true,"href":"https:\/\/gruppobdm.eu\/index.php\/wp-json\/wp\/v2\/comments?post=3886"}],"version-history":[{"count":0,"href":"https:\/\/gruppobdm.eu\/index.php\/wp-json\/wp\/v2\/pages\/3886\/revisions"}],"wp:attachment":[{"href":"https:\/\/gruppobdm.eu\/index.php\/wp-json\/wp\/v2\/media?parent=3886"}],"curies":[{"name":"wp","href":"https:\/\/api.w.org\/{rel}","templated":true}]}}