{"id":4024,"date":"2017-08-21T14:55:23","date_gmt":"2017-08-21T12:55:23","guid":{"rendered":"http:\/\/gruppobdm.eu\/?page_id=4024"},"modified":"2026-01-09T15:16:05","modified_gmt":"2026-01-09T15:16:05","slug":"impianti-antifurto-antintrusione","status":"publish","type":"page","link":"https:\/\/gruppobdm.eu\/index.php\/impianti-antifurto-antintrusione\/","title":{"rendered":"Impianti antifurto \/ antintrusione"},"content":{"rendered":"<div class=\"wpb-content-wrapper\"><p>[vc_row][vc_column]<div class=\"eut-element eut-image eut-animated-item eut-fade-in eut-duration-normal eut-align-center\" style=\"\" data-delay=\"200\">  <div class=\"eut-image-wrapper\"><img loading=\"lazy\" decoding=\"async\" width=\"770\" height=\"481\" src=\"https:\/\/gruppobdm.eu\/wp-content\/uploads\/2017\/08\/antifurto.jpg\" class=\"attachment-full size-full\" alt=\"\" srcset=\"https:\/\/gruppobdm.eu\/wp-content\/uploads\/2017\/08\/antifurto.jpg 770w, https:\/\/gruppobdm.eu\/wp-content\/uploads\/2017\/08\/antifurto-300x187.jpg 300w, https:\/\/gruppobdm.eu\/wp-content\/uploads\/2017\/08\/antifurto-768x480.jpg 768w\" sizes=\"auto, (max-width: 770px) 100vw, 770px\" \/>   <\/div><\/div>[\/vc_column][\/vc_row][vc_row][vc_column][vc_column_text]Nel settore civile e industriale assume sempre maggior importanza e maggior spazio la produzione e la commercializzazione di sofisticati sistemi di allarme, destinati ad essere installati a tutela delle singole abitazioni, dei complessi abitativi e commerciali. Tali sistemi, mentre dilagano criminalit\u00e0 e delinquenza, sono in grado di fornire maggior tranquillit\u00e0 ai cittadini, in quanto permettono di prevenire tentativi di intrusione attuando una sorveglianza sulle propriet\u00e0, particolarmente utile quando esse sono incustodite.<br \/>\nL\u2019 impianto di allarme antintrusione \u00e8 formato principalmente dalle seguenti parti:<\/p>\n<ul>\n<li><strong>i rivelatori e contatti<\/strong>\u00a0per segnalare l\u2019 intrusione;<\/li>\n<li><strong>la centrale di comando<\/strong>\u00a0che gestisce i dati forniti dai rivelatori e gli avvisatori d\u2019 allarme.<\/li>\n<li><strong>il gruppo di alimentazione<\/strong>\u00a0della centrale ed eventualmente altri supplementari che provvedono ad assicurare l\u2019 alimentazione di tutti i circuiti attivi anche in assenza temporanea di tensione di rete;<\/li>\n<li><strong>i dispositivi per la segnalazione dell\u2019 allarme<\/strong>\u00a0(sirene, combinatori telefonici e ponti radio).<\/li>\n<\/ul>\n<p>La scelta dell\u2019impianto per un\u2019abitazione<\/p>\n<ul>\n<li><strong>Impianto via filo<\/strong>: \u00e8 collegato con una rete di cavi elettrici.<\/li>\n<li><strong>Impianto a onde radio<\/strong>: senza fili, viene alimentato a batterie a lunga durata, non richiede lavori di muratura, l\u2019installazione \u00e8 rapida.<\/li>\n<li><strong>Impianto misto<\/strong>: \u00e8\u00a0in parte via cavo, in parte via radio. Di solito, la posa dei cavi \u00e8 prevista solo al fine di alimentare la centrale d\u2019allarme e le sirene, mentre gli altri componenti funzionano a onde radio.<br \/>\nAnche il\u00a0tipo di protezione assicurata\u00a0varia, in base alle esigenze, che dipendono molto dalla tipologia di abitazione (villa isolata, appartamento, ecc.).<\/li>\n<\/ul>\n<p>I tipi di protezione disponibili sono fondamentalmente tre:<\/p>\n<ul>\n<li>perimetrale interno: l\u2019impianto protegge l\u2019abitazione\/azienda dall\u2019esterno e si attiva solo se i ladri aprono finestre o porte;<\/li>\n<li>volumetrico: tramite speciali sensori istallati in punti opportuni all\u2019interno della casa, \u00e8 in grado di rilevare la presenza di una persona, un movimento e anche una temperatura corporea.<\/li>\n<li>perimetrale esterno: l\u2019impianto protegge l\u2019abitazione\/azienda dall\u2019esterno e si attiva se i ladri cercano di arrivare all\u2019edificio.<\/li>\n<\/ul>\n<p>Le nuove tecnologie ci permettono anche di visualizzare lo stato impianto e di gestirlo da remoto tramite Tablet e Smartphone attraverso software dedicati.[\/vc_column_text][\/vc_column][\/vc_row][vc_row][vc_column][vc_column_text]<\/p>\n<h6>Se sei interessato a ricevere una prima consulenza personalizzata, scrivici a:\u00a0\u00a0<strong><a href=\"mailto:info@bossifranco.eu\">info@gruppobdm.eu<\/a><\/strong><\/h6>\n<p>[\/vc_column_text][\/vc_column][\/vc_row]<\/p>\n<\/div>","protected":false},"excerpt":{"rendered":"<p>[vc_row][vc_column][\/vc_column][\/vc_row][vc_row][vc_column][vc_column_text]Nel settore civile e industriale assume sempre maggior importanza e maggior spazio la produzione e la commercializzazione di sofisticati sistemi di allarme, destinati ad essere installati a tutela delle singole abitazioni, dei complessi abitativi e commerciali. Tali sistemi, mentre dilagano criminalit\u00e0 e delinquenza, sono in grado di fornire maggior tranquillit\u00e0 ai cittadini, in quanto permettono [&hellip;]<\/p>\n","protected":false},"author":1,"featured_media":0,"parent":0,"menu_order":0,"comment_status":"closed","ping_status":"closed","template":"","meta":{"footnotes":""},"class_list":["post-4024","page","type-page","status-publish","hentry"],"yoast_head":"<!-- This site is optimized with the Yoast SEO plugin v26.6 - https:\/\/yoast.com\/wordpress\/plugins\/seo\/ -->\n<title>Impianti antifurto e antintrusione | Soluzioni di sicurezza BDM Group<\/title>\n<meta name=\"description\" content=\"Installazione e progettazione di impianti antifurto e antintrusione per abitazioni e aziende. Soluzioni cablate e wireless personalizzate per la tua sicurezza.\" \/>\n<meta name=\"robots\" content=\"index, follow, max-snippet:-1, max-image-preview:large, max-video-preview:-1\" \/>\n<link rel=\"canonical\" href=\"https:\/\/gruppobdm.eu\/index.php\/impianti-antifurto-antintrusione\/\" \/>\n<meta property=\"og:locale\" content=\"it_IT\" \/>\n<meta property=\"og:type\" content=\"article\" \/>\n<meta property=\"og:title\" content=\"Impianti antifurto e antintrusione | Soluzioni di sicurezza BDM Group\" \/>\n<meta property=\"og:description\" content=\"Installazione e progettazione di impianti antifurto e antintrusione per abitazioni e aziende. Soluzioni cablate e wireless personalizzate per la tua sicurezza.\" \/>\n<meta property=\"og:url\" content=\"https:\/\/gruppobdm.eu\/index.php\/impianti-antifurto-antintrusione\/\" \/>\n<meta property=\"og:site_name\" content=\"BDM Group Srl\" \/>\n<meta property=\"article:publisher\" content=\"https:\/\/www.facebook.com\/bdmgroupsrl\" \/>\n<meta property=\"article:modified_time\" content=\"2026-01-09T15:16:05+00:00\" \/>\n<meta name=\"twitter:card\" content=\"summary_large_image\" \/>\n<meta name=\"twitter:label1\" content=\"Tempo di lettura stimato\" \/>\n\t<meta name=\"twitter:data1\" content=\"3 minuti\" \/>\n<script type=\"application\/ld+json\" class=\"yoast-schema-graph\">{\"@context\":\"https:\/\/schema.org\",\"@graph\":[{\"@type\":\"WebPage\",\"@id\":\"https:\/\/gruppobdm.eu\/index.php\/impianti-antifurto-antintrusione\/\",\"url\":\"https:\/\/gruppobdm.eu\/index.php\/impianti-antifurto-antintrusione\/\",\"name\":\"Impianti antifurto e antintrusione | Soluzioni di sicurezza BDM Group\",\"isPartOf\":{\"@id\":\"https:\/\/gruppobdm.eu\/#website\"},\"datePublished\":\"2017-08-21T12:55:23+00:00\",\"dateModified\":\"2026-01-09T15:16:05+00:00\",\"description\":\"Installazione e progettazione di impianti antifurto e antintrusione per abitazioni e aziende. Soluzioni cablate e wireless personalizzate per la tua sicurezza.\",\"breadcrumb\":{\"@id\":\"https:\/\/gruppobdm.eu\/index.php\/impianti-antifurto-antintrusione\/#breadcrumb\"},\"inLanguage\":\"it-IT\",\"potentialAction\":[{\"@type\":\"ReadAction\",\"target\":[\"https:\/\/gruppobdm.eu\/index.php\/impianti-antifurto-antintrusione\/\"]}]},{\"@type\":\"BreadcrumbList\",\"@id\":\"https:\/\/gruppobdm.eu\/index.php\/impianti-antifurto-antintrusione\/#breadcrumb\",\"itemListElement\":[{\"@type\":\"ListItem\",\"position\":1,\"name\":\"Home\",\"item\":\"https:\/\/gruppobdm.eu\/\"},{\"@type\":\"ListItem\",\"position\":2,\"name\":\"Impianti antifurto \/ antintrusione\"}]},{\"@type\":\"WebSite\",\"@id\":\"https:\/\/gruppobdm.eu\/#website\",\"url\":\"https:\/\/gruppobdm.eu\/\",\"name\":\"BDM Group Srl\",\"description\":\"Costruttori dal 1988\",\"publisher\":{\"@id\":\"https:\/\/gruppobdm.eu\/#organization\"},\"potentialAction\":[{\"@type\":\"SearchAction\",\"target\":{\"@type\":\"EntryPoint\",\"urlTemplate\":\"https:\/\/gruppobdm.eu\/?s={search_term_string}\"},\"query-input\":{\"@type\":\"PropertyValueSpecification\",\"valueRequired\":true,\"valueName\":\"search_term_string\"}}],\"inLanguage\":\"it-IT\"},{\"@type\":\"Organization\",\"@id\":\"https:\/\/gruppobdm.eu\/#organization\",\"name\":\"BDM Group Srl\",\"url\":\"https:\/\/gruppobdm.eu\/\",\"logo\":{\"@type\":\"ImageObject\",\"inLanguage\":\"it-IT\",\"@id\":\"https:\/\/gruppobdm.eu\/#\/schema\/logo\/image\/\",\"url\":\"https:\/\/gruppobdm.eu\/wp-content\/uploads\/2024\/02\/Risorsa-1o.png\",\"contentUrl\":\"https:\/\/gruppobdm.eu\/wp-content\/uploads\/2024\/02\/Risorsa-1o.png\",\"width\":311,\"height\":338,\"caption\":\"BDM Group Srl\"},\"image\":{\"@id\":\"https:\/\/gruppobdm.eu\/#\/schema\/logo\/image\/\"},\"sameAs\":[\"https:\/\/www.facebook.com\/bdmgroupsrl\",\"https:\/\/www.linkedin.com\/company\/bdm-group-srl\/\",\"https:\/\/www.instagram.com\/bdmgroupsrl_\/?igshid=YmMyMTA2M2Y\"]}]}<\/script>\n<!-- \/ Yoast SEO plugin. -->","yoast_head_json":{"title":"Impianti antifurto e antintrusione | Soluzioni di sicurezza BDM Group","description":"Installazione e progettazione di impianti antifurto e antintrusione per abitazioni e aziende. Soluzioni cablate e wireless personalizzate per la tua sicurezza.","robots":{"index":"index","follow":"follow","max-snippet":"max-snippet:-1","max-image-preview":"max-image-preview:large","max-video-preview":"max-video-preview:-1"},"canonical":"https:\/\/gruppobdm.eu\/index.php\/impianti-antifurto-antintrusione\/","og_locale":"it_IT","og_type":"article","og_title":"Impianti antifurto e antintrusione | Soluzioni di sicurezza BDM Group","og_description":"Installazione e progettazione di impianti antifurto e antintrusione per abitazioni e aziende. Soluzioni cablate e wireless personalizzate per la tua sicurezza.","og_url":"https:\/\/gruppobdm.eu\/index.php\/impianti-antifurto-antintrusione\/","og_site_name":"BDM Group Srl","article_publisher":"https:\/\/www.facebook.com\/bdmgroupsrl","article_modified_time":"2026-01-09T15:16:05+00:00","twitter_card":"summary_large_image","twitter_misc":{"Tempo di lettura stimato":"3 minuti"},"schema":{"@context":"https:\/\/schema.org","@graph":[{"@type":"WebPage","@id":"https:\/\/gruppobdm.eu\/index.php\/impianti-antifurto-antintrusione\/","url":"https:\/\/gruppobdm.eu\/index.php\/impianti-antifurto-antintrusione\/","name":"Impianti antifurto e antintrusione | Soluzioni di sicurezza BDM Group","isPartOf":{"@id":"https:\/\/gruppobdm.eu\/#website"},"datePublished":"2017-08-21T12:55:23+00:00","dateModified":"2026-01-09T15:16:05+00:00","description":"Installazione e progettazione di impianti antifurto e antintrusione per abitazioni e aziende. Soluzioni cablate e wireless personalizzate per la tua sicurezza.","breadcrumb":{"@id":"https:\/\/gruppobdm.eu\/index.php\/impianti-antifurto-antintrusione\/#breadcrumb"},"inLanguage":"it-IT","potentialAction":[{"@type":"ReadAction","target":["https:\/\/gruppobdm.eu\/index.php\/impianti-antifurto-antintrusione\/"]}]},{"@type":"BreadcrumbList","@id":"https:\/\/gruppobdm.eu\/index.php\/impianti-antifurto-antintrusione\/#breadcrumb","itemListElement":[{"@type":"ListItem","position":1,"name":"Home","item":"https:\/\/gruppobdm.eu\/"},{"@type":"ListItem","position":2,"name":"Impianti antifurto \/ antintrusione"}]},{"@type":"WebSite","@id":"https:\/\/gruppobdm.eu\/#website","url":"https:\/\/gruppobdm.eu\/","name":"BDM Group Srl","description":"Costruttori dal 1988","publisher":{"@id":"https:\/\/gruppobdm.eu\/#organization"},"potentialAction":[{"@type":"SearchAction","target":{"@type":"EntryPoint","urlTemplate":"https:\/\/gruppobdm.eu\/?s={search_term_string}"},"query-input":{"@type":"PropertyValueSpecification","valueRequired":true,"valueName":"search_term_string"}}],"inLanguage":"it-IT"},{"@type":"Organization","@id":"https:\/\/gruppobdm.eu\/#organization","name":"BDM Group Srl","url":"https:\/\/gruppobdm.eu\/","logo":{"@type":"ImageObject","inLanguage":"it-IT","@id":"https:\/\/gruppobdm.eu\/#\/schema\/logo\/image\/","url":"https:\/\/gruppobdm.eu\/wp-content\/uploads\/2024\/02\/Risorsa-1o.png","contentUrl":"https:\/\/gruppobdm.eu\/wp-content\/uploads\/2024\/02\/Risorsa-1o.png","width":311,"height":338,"caption":"BDM Group Srl"},"image":{"@id":"https:\/\/gruppobdm.eu\/#\/schema\/logo\/image\/"},"sameAs":["https:\/\/www.facebook.com\/bdmgroupsrl","https:\/\/www.linkedin.com\/company\/bdm-group-srl\/","https:\/\/www.instagram.com\/bdmgroupsrl_\/?igshid=YmMyMTA2M2Y"]}]}},"_links":{"self":[{"href":"https:\/\/gruppobdm.eu\/index.php\/wp-json\/wp\/v2\/pages\/4024","targetHints":{"allow":["GET"]}}],"collection":[{"href":"https:\/\/gruppobdm.eu\/index.php\/wp-json\/wp\/v2\/pages"}],"about":[{"href":"https:\/\/gruppobdm.eu\/index.php\/wp-json\/wp\/v2\/types\/page"}],"author":[{"embeddable":true,"href":"https:\/\/gruppobdm.eu\/index.php\/wp-json\/wp\/v2\/users\/1"}],"replies":[{"embeddable":true,"href":"https:\/\/gruppobdm.eu\/index.php\/wp-json\/wp\/v2\/comments?post=4024"}],"version-history":[{"count":1,"href":"https:\/\/gruppobdm.eu\/index.php\/wp-json\/wp\/v2\/pages\/4024\/revisions"}],"predecessor-version":[{"id":5649,"href":"https:\/\/gruppobdm.eu\/index.php\/wp-json\/wp\/v2\/pages\/4024\/revisions\/5649"}],"wp:attachment":[{"href":"https:\/\/gruppobdm.eu\/index.php\/wp-json\/wp\/v2\/media?parent=4024"}],"curies":[{"name":"wp","href":"https:\/\/api.w.org\/{rel}","templated":true}]}}